{"id":2,"date":"2026-01-12T16:17:39","date_gmt":"2026-01-12T16:17:39","guid":{"rendered":"https:\/\/capturafilms.com.uy\/?page_id=2"},"modified":"2026-01-12T22:03:44","modified_gmt":"2026-01-12T22:03:44","slug":"sample-page","status":"publish","type":"page","link":"https:\/\/capturafilms.com.uy\/index.php\/sample-page\/","title":{"rendered":"Acerca de nosotros"},"content":{"rendered":"\t\t<div data-elementor-type=\"wp-page\" data-elementor-id=\"2\" class=\"elementor elementor-2\" data-elementor-post-type=\"page\">\n\t\t\t\t<div class=\"elementor-element elementor-element-12707cb e-flex e-con-boxed e-con e-parent\" data-id=\"12707cb\" data-element_type=\"container\">\n\t\t\t\t\t<div class=\"e-con-inner\">\n\t\t\t\t<div class=\"elementor-element elementor-element-3a685a5 elementor-widget elementor-widget-text-editor\" data-id=\"3a685a5\" data-element_type=\"widget\" data-widget_type=\"text-editor.default\">\n\t\t\t\t\t\t\t\t\t<p data-start=\"254\" data-end=\"627\">En <strong data-start=\"257\" data-end=\"274\">Captura Films<\/strong> somos un equipo peque\u00f1o, humano y eficiente, convencidos de que las mejores producciones nacen del trabajo cercano y personalizado con cada cliente. Si bien somos una productora joven, nuestro equipo cuenta con <strong data-start=\"486\" data-end=\"540\">muchos a\u00f1os de experiencia en el medio audiovisual<\/strong>, lo que nos permite abordar cada proyecto con criterio, profesionalismo y creatividad.<\/p><p data-start=\"629\" data-end=\"818\">Contamos con <strong data-start=\"642\" data-end=\"686\">equipamiento propio de \u00faltima generaci\u00f3n<\/strong> \u2014c\u00e1maras, drones, iluminaci\u00f3n y accesorios\u2014 lo que nos da autonom\u00eda, flexibilidad y un alto est\u00e1ndar de calidad en cada producci\u00f3n.<\/p><p data-start=\"820\" data-end=\"1099\">Nos adaptamos a <strong data-start=\"836\" data-end=\"887\">cada presupuesto y a cada momento de la empresa<\/strong>, entendiendo que no todos los proyectos tienen las mismas necesidades. Por eso, dise\u00f1amos soluciones audiovisuales a medida, cuidando tanto el contenido como la inversi\u00f3n, sin perder identidad ni impacto visual.<\/p><p data-start=\"1101\" data-end=\"1222\">Nuestro objetivo es claro: <strong data-start=\"1128\" data-end=\"1221\">capturar la esencia de cada historia y transformarla en im\u00e1genes que comuniquen de verdad<\/strong>.<\/p>\t\t\t\t\t\t\t\t<\/div>\n\t\t\t\t\t<\/div>\n\t\t\t\t<\/div>\n\t\t\t\t<\/div>\n\t\t","protected":false},"excerpt":{"rendered":"<p>En Captura Films somos un equipo peque\u00f1o, humano y eficiente, convencidos de que las mejores producciones nacen del trabajo cercano y personalizado con cada cliente. Si bien somos una productora joven, nuestro equipo cuenta con muchos a\u00f1os de experiencia en el medio audiovisual, lo que &hellip; <a href=\"https:\/\/capturafilms.com.uy\/index.php\/sample-page\/\" class=\"more-link\"><span>Seguir leyendo<span class=\"screen-reader-text\">Acerca de nosotros<\/span><\/span><\/a><\/p>\n","protected":false},"author":1,"featured_media":0,"parent":0,"menu_order":0,"comment_status":"closed","ping_status":"open","template":"","meta":{"footnotes":""},"class_list":["post-2","page","type-page","status-publish","hentry"],"_links":{"self":[{"href":"https:\/\/capturafilms.com.uy\/index.php\/wp-json\/wp\/v2\/pages\/2","targetHints":{"allow":["GET"]}}],"collection":[{"href":"https:\/\/capturafilms.com.uy\/index.php\/wp-json\/wp\/v2\/pages"}],"about":[{"href":"https:\/\/capturafilms.com.uy\/index.php\/wp-json\/wp\/v2\/types\/page"}],"author":[{"embeddable":true,"href":"https:\/\/capturafilms.com.uy\/index.php\/wp-json\/wp\/v2\/users\/1"}],"replies":[{"embeddable":true,"href":"https:\/\/capturafilms.com.uy\/index.php\/wp-json\/wp\/v2\/comments?post=2"}],"version-history":[{"count":10,"href":"https:\/\/capturafilms.com.uy\/index.php\/wp-json\/wp\/v2\/pages\/2\/revisions"}],"predecessor-version":[{"id":201,"href":"https:\/\/capturafilms.com.uy\/index.php\/wp-json\/wp\/v2\/pages\/2\/revisions\/201"}],"wp:attachment":[{"href":"https:\/\/capturafilms.com.uy\/index.php\/wp-json\/wp\/v2\/media?parent=2"}],"curies":[{"name":"wp","href":"https:\/\/api.w.org\/{rel}","templated":true}]}}